{"id":38,"date":"2022-03-28T01:13:28","date_gmt":"2022-03-27T23:13:28","guid":{"rendered":"https:\/\/amorsinfronteras.net\/?page_id=38"},"modified":"2025-03-29T14:22:32","modified_gmt":"2025-03-29T19:22:32","slug":"donar","status":"publish","type":"page","link":"https:\/\/amorsinfronteras.net\/en\/home\/donar\/","title":{"rendered":"DONATE"},"content":{"rendered":"<div data-elementor-type=\"wp-page\" data-elementor-id=\"38\" class=\"elementor elementor-38\">\n\t\t\t\t\t\t<section class=\"elementor-section elementor-top-section elementor-element elementor-element-a4bff93 elementor-section-height-min-height elementor-section-boxed elementor-section-height-default elementor-section-items-middle\" data-id=\"a4bff93\" data-element_type=\"section\" data-settings=\"{&quot;background_background&quot;:&quot;classic&quot;}\">\n\t\t\t\t\t\t\t<div class=\"elementor-background-overlay\"><\/div>\n\t\t\t\t\t\t\t<div class=\"elementor-container elementor-column-gap-default\">\n\t\t\t\t\t<div class=\"elementor-column elementor-col-100 elementor-top-column elementor-element elementor-element-e74eb26\" data-id=\"e74eb26\" data-element_type=\"column\">\n\t\t\t<div class=\"elementor-widget-wrap elementor-element-populated\">\n\t\t\t\t\t\t<div class=\"elementor-element elementor-element-e90d70c elementor-widget elementor-widget-heading\" data-id=\"e90d70c\" data-element_type=\"widget\" data-widget_type=\"heading.default\">\n\t\t\t\t<div class=\"elementor-widget-container\">\n\t\t\t\t\t<h1 class=\"elementor-heading-title elementor-size-default\">DONATE<\/h1>\t\t\t\t<\/div>\n\t\t\t\t<\/div>\n\t\t\t\t\t<\/div>\n\t\t<\/div>\n\t\t\t\t\t<\/div>\n\t\t<\/section>\n\t\t\t\t<section class=\"elementor-section elementor-top-section elementor-element elementor-element-0b3096e elementor-section-boxed elementor-section-height-default elementor-section-height-default\" data-id=\"0b3096e\" data-element_type=\"section\">\n\t\t\t\t\t\t<div class=\"elementor-container elementor-column-gap-default\">\n\t\t\t\t\t<div class=\"elementor-column elementor-col-100 elementor-top-column elementor-element elementor-element-416ed16\" data-id=\"416ed16\" data-element_type=\"column\">\n\t\t\t<div class=\"elementor-widget-wrap elementor-element-populated\">\n\t\t\t\t\t\t<div class=\"elementor-element elementor-element-5e0a228 elementor-widget elementor-widget-heading\" data-id=\"5e0a228\" data-element_type=\"widget\" data-widget_type=\"heading.default\">\n\t\t\t\t<div class=\"elementor-widget-container\">\n\t\t\t\t\t<h2 class=\"elementor-heading-title elementor-size-default\">Transform lives with your donation<\/h2>\t\t\t\t<\/div>\n\t\t\t\t<\/div>\n\t\t\t\t<div class=\"elementor-element elementor-element-5f65344 elementor-widget elementor-widget-text-editor\" data-id=\"5f65344\" data-element_type=\"widget\" data-widget_type=\"text-editor.default\">\n\t\t\t\t<div class=\"elementor-widget-container\">\n\t\t\t\t\t\t\t\t\t<p class=\"\" data-start=\"236\" data-end=\"551\"><strong data-start=\"236\" data-end=\"375\">At Fundaci\u00f3n Amor Sin Fronteras, we believe in the power of education to change the future of children in Cartagena.<\/strong> Today, we support boys and girls from the Villa Corelca neighborhood, providing them with a safe space where they can learn, receive support, and dream of a better future.<\/p><h3 class=\"\" data-start=\"553\" data-end=\"578\"><strong data-start=\"557\" data-end=\"576\">How Do We Help?<\/strong><\/h3><p class=\"\" data-start=\"579\" data-end=\"812\">Thanks to donations, we provide:<\/p>\t\t\t\t\t\t\t\t<\/div>\n\t\t\t\t<\/div>\n\t\t\t\t<div class=\"elementor-element elementor-element-c28845c elementor-icon-list--layout-traditional elementor-list-item-link-full_width elementor-widget elementor-widget-icon-list\" data-id=\"c28845c\" data-element_type=\"widget\" data-widget_type=\"icon-list.default\">\n\t\t\t\t<div class=\"elementor-widget-container\">\n\t\t\t\t\t\t\t<ul class=\"elementor-icon-list-items\">\n\t\t\t\t\t\t\t<li class=\"elementor-icon-list-item\">\n\t\t\t\t\t\t\t\t\t\t\t<span class=\"elementor-icon-list-icon\">\n\t\t\t\t\t\t\t<i aria-hidden=\"true\" class=\"fas fa-check\"><\/i>\t\t\t\t\t\t<\/span>\n\t\t\t\t\t\t\t\t\t\t<span class=\"elementor-icon-list-text\">Education in reading, writing, mathematics, and English<\/span>\n\t\t\t\t\t\t\t\t\t<\/li>\n\t\t\t\t\t\t\t\t<li class=\"elementor-icon-list-item\">\n\t\t\t\t\t\t\t\t\t\t\t<span class=\"elementor-icon-list-icon\">\n\t\t\t\t\t\t\t<i aria-hidden=\"true\" class=\"fas fa-check\"><\/i>\t\t\t\t\t\t<\/span>\n\t\t\t\t\t\t\t\t\t\t<span class=\"elementor-icon-list-text\">Daily meals and snacks<\/span>\n\t\t\t\t\t\t\t\t\t<\/li>\n\t\t\t\t\t\t\t\t<li class=\"elementor-icon-list-item\">\n\t\t\t\t\t\t\t\t\t\t\t<span class=\"elementor-icon-list-icon\">\n\t\t\t\t\t\t\t<i aria-hidden=\"true\" class=\"fas fa-check\"><\/i>\t\t\t\t\t\t<\/span>\n\t\t\t\t\t\t\t\t\t\t<span class=\"elementor-icon-list-text\">Psychological and emotional support<\/span>\n\t\t\t\t\t\t\t\t\t<\/li>\n\t\t\t\t\t\t\t\t<li class=\"elementor-icon-list-item\">\n\t\t\t\t\t\t\t\t\t\t\t<span class=\"elementor-icon-list-icon\">\n\t\t\t\t\t\t\t<i aria-hidden=\"true\" class=\"fas fa-check\"><\/i>\t\t\t\t\t\t<\/span>\n\t\t\t\t\t\t\t\t\t\t<span class=\"elementor-icon-list-text\">School supplies, shoes, and uniforms<\/span>\n\t\t\t\t\t\t\t\t\t<\/li>\n\t\t\t\t\t\t<\/ul>\n\t\t\t\t\t\t<\/div>\n\t\t\t\t<\/div>\n\t\t\t\t\t<\/div>\n\t\t<\/div>\n\t\t\t\t\t<\/div>\n\t\t<\/section>\n\t\t\t\t<section class=\"elementor-section elementor-top-section elementor-element elementor-element-0a48c2a elementor-section-boxed elementor-section-height-default elementor-section-height-default elementor-invisible\" data-id=\"0a48c2a\" data-element_type=\"section\" data-settings=\"{&quot;background_background&quot;:&quot;classic&quot;,&quot;animation&quot;:&quot;fadeIn&quot;}\">\n\t\t\t\t\t\t<div class=\"elementor-container elementor-column-gap-default\">\n\t\t\t\t\t<div class=\"elementor-column elementor-col-50 elementor-top-column elementor-element elementor-element-114c3ee\" data-id=\"114c3ee\" data-element_type=\"column\">\n\t\t\t<div class=\"elementor-widget-wrap elementor-element-populated\">\n\t\t\t\t\t\t<div class=\"elementor-element elementor-element-82cd0de elementor-widget elementor-widget-text-editor\" data-id=\"82cd0de\" data-element_type=\"widget\" data-widget_type=\"text-editor.default\">\n\t\t\t\t<div class=\"elementor-widget-container\">\n\t\t\t\t\t\t\t\t\t<h3 class=\"\" data-start=\"814\" data-end=\"842\"><strong data-start=\"818\" data-end=\"840\">Our Big Dream<\/strong><\/h3><p class=\"\" data-start=\"843\" data-end=\"1107\">We want to provide our children with a <b>larger space<\/b>where they can grow, learn, and play more freely. To achieve this, we need a <b>new facility<\/b> with a garden and an outdoor dining area.<\/p><p class=\"\" data-start=\"843\" data-end=\"1107\">Additionally, we aim to <b>reinstate the third level, <\/b>which we had to close due to a lack of resources. This will allow us to expand our capacity and offer education, nutrition, and support to even more children in need. With your help, this dream can become a reality.<\/p>\t\t\t\t\t\t\t\t<\/div>\n\t\t\t\t<\/div>\n\t\t\t\t\t<\/div>\n\t\t<\/div>\n\t\t\t\t<div class=\"elementor-column elementor-col-50 elementor-top-column elementor-element elementor-element-46f0e2b\" data-id=\"46f0e2b\" data-element_type=\"column\">\n\t\t\t<div class=\"elementor-widget-wrap elementor-element-populated\">\n\t\t\t\t\t\t<div class=\"elementor-element elementor-element-8757cbe elementor-widget-tablet__width-initial elementor-widget elementor-widget-counter\" data-id=\"8757cbe\" data-element_type=\"widget\" data-widget_type=\"counter.default\">\n\t\t\t\t<div class=\"elementor-widget-container\">\n\t\t\t\t\t\t\t<div class=\"elementor-counter\">\n\t\t\t<div class=\"elementor-counter-title\">Each year, we provide 26,105 lunches and snacks.<\/div>\t\t\t<div class=\"elementor-counter-number-wrapper\">\n\t\t\t\t<span class=\"elementor-counter-number-prefix\"><\/span>\n\t\t\t\t<span class=\"elementor-counter-number\" data-duration=\"2000\" data-to-value=\"26105\" data-from-value=\"0\">0<\/span>\n\t\t\t\t<span class=\"elementor-counter-number-suffix\"><\/span>\n\t\t\t<\/div>\n\t\t<\/div>\n\t\t\t\t\t\t<\/div>\n\t\t\t\t<\/div>\n\t\t\t\t<div class=\"elementor-element elementor-element-06100b1 elementor-widget elementor-widget-image\" data-id=\"06100b1\" data-element_type=\"widget\" data-widget_type=\"image.default\">\n\t\t\t\t<div class=\"elementor-widget-container\">\n\t\t\t\t\t\t\t\t\t\t\t\t\t\t\t<img fetchpriority=\"high\" decoding=\"async\" width=\"800\" height=\"600\" src=\"https:\/\/amorsinfronteras.net\/wp-content\/uploads\/2022\/03\/IMG_0491-1-1024x768.jpg\" class=\"attachment-large size-large wp-image-648\" alt=\"\" srcset=\"https:\/\/amorsinfronteras.net\/wp-content\/uploads\/2022\/03\/IMG_0491-1-1024x768.jpg 1024w, https:\/\/amorsinfronteras.net\/wp-content\/uploads\/2022\/03\/IMG_0491-1-300x225.jpg 300w, https:\/\/amorsinfronteras.net\/wp-content\/uploads\/2022\/03\/IMG_0491-1-768x576.jpg 768w, https:\/\/amorsinfronteras.net\/wp-content\/uploads\/2022\/03\/IMG_0491-1-1536x1152.jpg 1536w, https:\/\/amorsinfronteras.net\/wp-content\/uploads\/2022\/03\/IMG_0491-1-2048x1536.jpg 2048w\" sizes=\"(max-width: 800px) 100vw, 800px\" \/>\t\t\t\t\t\t\t\t\t\t\t\t\t\t\t<\/div>\n\t\t\t\t<\/div>\n\t\t\t\t\t<\/div>\n\t\t<\/div>\n\t\t\t\t\t<\/div>\n\t\t<\/section>\n\t\t\t\t<section class=\"elementor-section elementor-top-section elementor-element elementor-element-2b601b0 elementor-section-boxed elementor-section-height-default elementor-section-height-default\" data-id=\"2b601b0\" data-element_type=\"section\">\n\t\t\t\t\t\t<div class=\"elementor-container elementor-column-gap-default\">\n\t\t\t\t\t<div class=\"elementor-column elementor-col-100 elementor-top-column elementor-element elementor-element-afddc3c\" data-id=\"afddc3c\" data-element_type=\"column\">\n\t\t\t<div class=\"elementor-widget-wrap elementor-element-populated\">\n\t\t\t\t\t\t<div class=\"elementor-element elementor-element-c558b13 elementor-widget elementor-widget-heading\" data-id=\"c558b13\" data-element_type=\"widget\" data-widget_type=\"heading.default\">\n\t\t\t\t<div class=\"elementor-widget-container\">\n\t\t\t\t\t<h2 class=\"elementor-heading-title elementor-size-default\">Your support makes the difference<\/h2>\t\t\t\t<\/div>\n\t\t\t\t<\/div>\n\t\t\t\t\t<\/div>\n\t\t<\/div>\n\t\t\t\t\t<\/div>\n\t\t<\/section>\n\t\t\t\t<section class=\"elementor-section elementor-top-section elementor-element elementor-element-85b87e2 elementor-section-boxed elementor-section-height-default elementor-section-height-default\" data-id=\"85b87e2\" data-element_type=\"section\">\n\t\t\t\t\t\t<div class=\"elementor-container elementor-column-gap-default\">\n\t\t\t\t\t<div class=\"elementor-column elementor-col-50 elementor-top-column elementor-element elementor-element-f00b674\" data-id=\"f00b674\" data-element_type=\"column\">\n\t\t\t<div class=\"elementor-widget-wrap elementor-element-populated\">\n\t\t\t\t\t\t<div class=\"elementor-element elementor-element-5409516 elementor-position-top elementor-widget elementor-widget-image-box\" data-id=\"5409516\" data-element_type=\"widget\" data-widget_type=\"image-box.default\">\n\t\t\t\t<div class=\"elementor-widget-container\">\n\t\t\t\t\t<div class=\"elementor-image-box-wrapper\"><figure class=\"elementor-image-box-img\"><img decoding=\"async\" width=\"512\" height=\"512\" src=\"https:\/\/amorsinfronteras.net\/wp-content\/uploads\/2025\/03\/unnamed.png\" class=\"attachment-full size-full wp-image-1655\" alt=\"\" srcset=\"https:\/\/amorsinfronteras.net\/wp-content\/uploads\/2025\/03\/unnamed.png 512w, https:\/\/amorsinfronteras.net\/wp-content\/uploads\/2025\/03\/unnamed-300x300.png 300w, https:\/\/amorsinfronteras.net\/wp-content\/uploads\/2025\/03\/unnamed-150x150.png 150w, https:\/\/amorsinfronteras.net\/wp-content\/uploads\/2025\/03\/unnamed-12x12.png 12w\" sizes=\"(max-width: 512px) 100vw, 512px\" \/><\/figure><div class=\"elementor-image-box-content\"><h3 class=\"elementor-image-box-title\">Bank Transfer - Davivienda<\/h3><\/div><\/div>\t\t\t\t<\/div>\n\t\t\t\t<\/div>\n\t\t\t\t<div class=\"elementor-element elementor-element-0af6c6e elementor-widget elementor-widget-text-editor\" data-id=\"0af6c6e\" data-element_type=\"widget\" data-widget_type=\"text-editor.default\">\n\t\t\t\t<div class=\"elementor-widget-container\">\n\t\t\t\t\t\t\t\t\t<p>Savings Account 055900022991<\/p><p>Swift Code: CAFECOBB<\/p>\t\t\t\t\t\t\t\t<\/div>\n\t\t\t\t<\/div>\n\t\t\t\t\t<\/div>\n\t\t<\/div>\n\t\t\t\t<div class=\"elementor-column elementor-col-50 elementor-top-column elementor-element elementor-element-d4aba07\" data-id=\"d4aba07\" data-element_type=\"column\">\n\t\t\t<div class=\"elementor-widget-wrap elementor-element-populated\">\n\t\t\t\t\t\t<div class=\"elementor-element elementor-element-b4f0411 elementor-position-top elementor-widget elementor-widget-image-box\" data-id=\"b4f0411\" data-element_type=\"widget\" data-widget_type=\"image-box.default\">\n\t\t\t\t<div class=\"elementor-widget-container\">\n\t\t\t\t\t<div class=\"elementor-image-box-wrapper\"><figure class=\"elementor-image-box-img\"><img decoding=\"async\" width=\"320\" height=\"320\" src=\"https:\/\/amorsinfronteras.net\/wp-content\/uploads\/2025\/03\/bold-logo-png_seeklogo-479645.png\" class=\"attachment-full size-full wp-image-1656\" alt=\"\" srcset=\"https:\/\/amorsinfronteras.net\/wp-content\/uploads\/2025\/03\/bold-logo-png_seeklogo-479645.png 320w, https:\/\/amorsinfronteras.net\/wp-content\/uploads\/2025\/03\/bold-logo-png_seeklogo-479645-300x300.png 300w, https:\/\/amorsinfronteras.net\/wp-content\/uploads\/2025\/03\/bold-logo-png_seeklogo-479645-150x150.png 150w, https:\/\/amorsinfronteras.net\/wp-content\/uploads\/2025\/03\/bold-logo-png_seeklogo-479645-12x12.png 12w\" sizes=\"(max-width: 320px) 100vw, 320px\" \/><\/figure><div class=\"elementor-image-box-content\"><h3 class=\"elementor-image-box-title\">Donate easily and securely with Bold<\/h3><p class=\"elementor-image-box-description\">National and international payments with credit card, debit card, PSE, and Nequi.<\/p><\/div><\/div>\t\t\t\t<\/div>\n\t\t\t\t<\/div>\n\t\t\t\t<section class=\"elementor-section elementor-inner-section elementor-element elementor-element-ba3b4df elementor-section-boxed elementor-section-height-default elementor-section-height-default\" data-id=\"ba3b4df\" data-element_type=\"section\">\n\t\t\t\t\t\t<div class=\"elementor-container elementor-column-gap-default\">\n\t\t\t\t\t<div class=\"elementor-column elementor-col-50 elementor-inner-column elementor-element elementor-element-7a549f4\" data-id=\"7a549f4\" data-element_type=\"column\">\n\t\t\t<div class=\"elementor-widget-wrap\">\n\t\t\t\t\t\t\t<\/div>\n\t\t<\/div>\n\t\t\t\t<div class=\"elementor-column elementor-col-50 elementor-inner-column elementor-element elementor-element-f261ab1\" data-id=\"f261ab1\" data-element_type=\"column\">\n\t\t\t<div class=\"elementor-widget-wrap elementor-element-populated\">\n\t\t\t\t\t\t<div class=\"elementor-element elementor-element-ca60ef5 elementor-widget__width-initial elementor-widget-mobile__width-initial elementor-widget elementor-widget-bold-elementor-button\" data-id=\"ca60ef5\" data-element_type=\"widget\" data-widget_type=\"bold-elementor-button.default\">\n\t\t\t\t\t\n            <script integrity='sha384-OBuHcW7ITFPeCM7WQdDYZ9gHg7l21+lVbNsYkvOqzT0Y4ApZ2RxzLQPoYEMTDOAl' data-bold-button='dark-L' data-order-id='WP-WE-1777502189806204928' data-amount='0' data-currency='COP' data-api-key='Xci5EShOkn6ZPNgSCLhWAEMe-vfetDfRXryMkXuBSGY' data-integrity-signature='c4f77b3d3f3c3f9181f320c724c6ef15a7a9b8711aafe4a3c3a547c7f18a9687' data-redirection-url='https:\/\/amorsinfronteras.net\/thank-you\/' data-image-url='https:\/\/amorsinfronteras.net\/wp-content\/uploads\/2022\/03\/Tobi-LinkedIn-2-300x300.png' data-integration-type='wordpress-elementor-3.2.2' data-render-mode='embedded'>\/**WP-WE-1777502189806204928**\/\n            <\/script>\t\t\t\t<\/div>\n\t\t\t\t\t<\/div>\n\t\t<\/div>\n\t\t\t\t\t<\/div>\n\t\t<\/section>\n\t\t\t\t\t<\/div>\n\t\t<\/div>\n\t\t\t\t\t<\/div>\n\t\t<\/section>\n\t\t\t\t<section class=\"elementor-section elementor-top-section elementor-element elementor-element-78cff90 elementor-section-boxed elementor-section-height-default elementor-section-height-default\" data-id=\"78cff90\" data-element_type=\"section\">\n\t\t\t\t\t\t<div class=\"elementor-container elementor-column-gap-default\">\n\t\t\t\t\t<div class=\"elementor-column elementor-col-100 elementor-top-column elementor-element elementor-element-bd02630\" data-id=\"bd02630\" data-element_type=\"column\">\n\t\t\t<div class=\"elementor-widget-wrap elementor-element-populated\">\n\t\t\t\t\t\t<div class=\"elementor-element elementor-element-e2be5df elementor-widget elementor-widget-text-editor\" data-id=\"e2be5df\" data-element_type=\"widget\" data-widget_type=\"text-editor.default\">\n\t\t\t\t<div class=\"elementor-widget-container\">\n\t\t\t\t\t\t\t\t\t<p><b>Every contribution, big or small, changes lives!&nbsp;<\/b><\/p>\t\t\t\t\t\t\t\t<\/div>\n\t\t\t\t<\/div>\n\t\t\t\t\t<\/div>\n\t\t<\/div>\n\t\t\t\t\t<\/div>\n\t\t<\/section>\n\t\t\t\t<\/div>","protected":false},"excerpt":{"rendered":"<p>DONAR Transforma vidas con tu donaci\u00f3n En la Fundaci\u00f3n Amor Sin Fronteras creemos en el poder de la educaci\u00f3n para cambiar el futuro de los ni\u00f1os en Cartagena. Hoy atendemos a ni\u00f1os y ni\u00f1as del barrio Villa Corelca, ofreci\u00e9ndoles un espacio seguro donde pueden aprender, recibir apoyo y so\u00f1ar con un futuro mejor. \u00bfC\u00f3mo ayudamos? [&hellip;]<\/p>\n","protected":false},"author":2,"featured_media":0,"parent":2,"menu_order":0,"comment_status":"closed","ping_status":"closed","template":"","meta":{"footnotes":""},"class_list":["post-38","page","type-page","status-publish","hentry"],"_links":{"self":[{"href":"https:\/\/amorsinfronteras.net\/en\/wp-json\/wp\/v2\/pages\/38","targetHints":{"allow":["GET"]}}],"collection":[{"href":"https:\/\/amorsinfronteras.net\/en\/wp-json\/wp\/v2\/pages"}],"about":[{"href":"https:\/\/amorsinfronteras.net\/en\/wp-json\/wp\/v2\/types\/page"}],"author":[{"embeddable":true,"href":"https:\/\/amorsinfronteras.net\/en\/wp-json\/wp\/v2\/users\/2"}],"replies":[{"embeddable":true,"href":"https:\/\/amorsinfronteras.net\/en\/wp-json\/wp\/v2\/comments?post=38"}],"version-history":[{"count":292,"href":"https:\/\/amorsinfronteras.net\/en\/wp-json\/wp\/v2\/pages\/38\/revisions"}],"predecessor-version":[{"id":2864,"href":"https:\/\/amorsinfronteras.net\/en\/wp-json\/wp\/v2\/pages\/38\/revisions\/2864"}],"up":[{"embeddable":true,"href":"https:\/\/amorsinfronteras.net\/en\/wp-json\/wp\/v2\/pages\/2"}],"wp:attachment":[{"href":"https:\/\/amorsinfronteras.net\/en\/wp-json\/wp\/v2\/media?parent=38"}],"curies":[{"name":"wp","href":"https:\/\/api.w.org\/{rel}","templated":true}]}}