{"id":29,"date":"2022-03-28T01:05:48","date_gmt":"2022-03-27T23:05:48","guid":{"rendered":"https:\/\/amorsinfronteras.net\/?page_id=29"},"modified":"2025-03-26T16:52:59","modified_gmt":"2025-03-26T21:52:59","slug":"mision","status":"publish","type":"page","link":"https:\/\/amorsinfronteras.net\/en\/home\/mision\/","title":{"rendered":"MISSION"},"content":{"rendered":"<div data-elementor-type=\"wp-page\" data-elementor-id=\"29\" class=\"elementor elementor-29\">\n\t\t\t\t\t\t<section class=\"elementor-section elementor-top-section elementor-element elementor-element-4f8f4b7 elementor-section-height-min-height elementor-section-boxed elementor-section-height-default elementor-section-items-middle\" data-id=\"4f8f4b7\" data-element_type=\"section\" data-settings=\"{&quot;background_background&quot;:&quot;classic&quot;}\">\n\t\t\t\t\t\t\t<div class=\"elementor-background-overlay\"><\/div>\n\t\t\t\t\t\t\t<div class=\"elementor-container elementor-column-gap-default\">\n\t\t\t\t\t<div class=\"elementor-column elementor-col-100 elementor-top-column elementor-element elementor-element-3955c72\" data-id=\"3955c72\" data-element_type=\"column\">\n\t\t\t<div class=\"elementor-widget-wrap elementor-element-populated\">\n\t\t\t\t\t\t<div class=\"elementor-element elementor-element-13b9f1d elementor-widget elementor-widget-heading\" data-id=\"13b9f1d\" data-element_type=\"widget\" data-widget_type=\"heading.default\">\n\t\t\t\t<div class=\"elementor-widget-container\">\n\t\t\t\t\t<h1 class=\"elementor-heading-title elementor-size-default\">MISSION<\/h1>\t\t\t\t<\/div>\n\t\t\t\t<\/div>\n\t\t\t\t\t<\/div>\n\t\t<\/div>\n\t\t\t\t\t<\/div>\n\t\t<\/section>\n\t\t\t\t<section class=\"elementor-section elementor-top-section elementor-element elementor-element-22e5201 elementor-section-boxed elementor-section-height-default elementor-section-height-default elementor-invisible\" data-id=\"22e5201\" data-element_type=\"section\" data-settings=\"{&quot;background_background&quot;:&quot;classic&quot;,&quot;animation&quot;:&quot;fadeIn&quot;}\">\n\t\t\t\t\t\t<div class=\"elementor-container elementor-column-gap-default\">\n\t\t\t\t\t<div class=\"elementor-column elementor-col-50 elementor-top-column elementor-element elementor-element-051d485\" data-id=\"051d485\" data-element_type=\"column\">\n\t\t\t<div class=\"elementor-widget-wrap elementor-element-populated\">\n\t\t\t\t\t\t<div class=\"elementor-element elementor-element-ce29c72 elementor-widget elementor-widget-heading\" data-id=\"ce29c72\" data-element_type=\"widget\" data-widget_type=\"heading.default\">\n\t\t\t\t<div class=\"elementor-widget-container\">\n\t\t\t\t\t<h2 class=\"elementor-heading-title elementor-size-default\">Our Mission<\/h2>\t\t\t\t<\/div>\n\t\t\t\t<\/div>\n\t\t\t\t<div class=\"elementor-element elementor-element-7a97d74 elementor-widget elementor-widget-text-editor\" data-id=\"7a97d74\" data-element_type=\"widget\" data-widget_type=\"text-editor.default\">\n\t\t\t\t<div class=\"elementor-widget-container\">\n\t\t\t\t\t\t\t\t\t<p class=\"\" data-start=\"153\" data-end=\"761\">At <strong data-start=\"156\" data-end=\"188\">Foundation Amor Sin Fronteras<\/strong>, we believe that every child deserves a future full of opportunities. Our mission is to provide a safe and welcoming space where vulnerable children can receive educational support, nutrition, and emotional guidance. Through academic reinforcement in Spanish, math, English, and computer science, as well as literacy and values classes, we aim to strengthen their overall development. Additionally, we offer psychological support and promote a love for culture and the environment, fostering their growth as conscious and purposeful citizens.<\/p><p class=\"\" data-start=\"763\" data-end=\"967\">We know that education transforms lives, which is why we work tirelessly to ensure that every child who comes through our foundation discovers their potential and gains the tools to build a better future.<\/p>\t\t\t\t\t\t\t\t<\/div>\n\t\t\t\t<\/div>\n\t\t\t\t\t<\/div>\n\t\t<\/div>\n\t\t\t\t<div class=\"elementor-column elementor-col-50 elementor-top-column elementor-element elementor-element-69f9da9\" data-id=\"69f9da9\" data-element_type=\"column\">\n\t\t\t<div class=\"elementor-widget-wrap elementor-element-populated\">\n\t\t\t\t\t\t<div class=\"elementor-element elementor-element-d84f100 elementor-widget__width-initial elementor-invisible elementor-widget elementor-widget-image\" data-id=\"d84f100\" data-element_type=\"widget\" data-settings=\"{&quot;_animation&quot;:&quot;pulse&quot;}\" data-widget_type=\"image.default\">\n\t\t\t\t<div class=\"elementor-widget-container\">\n\t\t\t\t\t\t\t\t\t\t\t\t\t\t\t<img fetchpriority=\"high\" decoding=\"async\" width=\"800\" height=\"1000\" src=\"https:\/\/amorsinfronteras.net\/wp-content\/uploads\/2025\/03\/Design-ohne-Titel-6-819x1024.png\" class=\"attachment-large size-large wp-image-2625\" alt=\"\" srcset=\"https:\/\/amorsinfronteras.net\/wp-content\/uploads\/2025\/03\/Design-ohne-Titel-6-819x1024.png 819w, https:\/\/amorsinfronteras.net\/wp-content\/uploads\/2025\/03\/Design-ohne-Titel-6-240x300.png 240w, https:\/\/amorsinfronteras.net\/wp-content\/uploads\/2025\/03\/Design-ohne-Titel-6-768x960.png 768w, https:\/\/amorsinfronteras.net\/wp-content\/uploads\/2025\/03\/Design-ohne-Titel-6-10x12.png 10w, https:\/\/amorsinfronteras.net\/wp-content\/uploads\/2025\/03\/Design-ohne-Titel-6.png 1080w\" sizes=\"(max-width: 800px) 100vw, 800px\" \/>\t\t\t\t\t\t\t\t\t\t\t\t\t\t\t<\/div>\n\t\t\t\t<\/div>\n\t\t\t\t\t<\/div>\n\t\t<\/div>\n\t\t\t\t\t<\/div>\n\t\t<\/section>\n\t\t\t\t<section class=\"elementor-section elementor-top-section elementor-element elementor-element-fa7fb28 elementor-section-boxed elementor-section-height-default elementor-section-height-default elementor-invisible\" data-id=\"fa7fb28\" data-element_type=\"section\" data-settings=\"{&quot;background_background&quot;:&quot;classic&quot;,&quot;animation&quot;:&quot;fadeIn&quot;}\">\n\t\t\t\t\t\t<div class=\"elementor-container elementor-column-gap-default\">\n\t\t\t\t\t<div class=\"elementor-column elementor-col-50 elementor-top-column elementor-element elementor-element-78f467b\" data-id=\"78f467b\" data-element_type=\"column\">\n\t\t\t<div class=\"elementor-widget-wrap elementor-element-populated\">\n\t\t\t\t\t\t<div class=\"elementor-element elementor-element-b423b6b elementor-widget elementor-widget-heading\" data-id=\"b423b6b\" data-element_type=\"widget\" data-widget_type=\"heading.default\">\n\t\t\t\t<div class=\"elementor-widget-container\">\n\t\t\t\t\t<h2 class=\"elementor-heading-title elementor-size-default\">Our Vision<\/h2>\t\t\t\t<\/div>\n\t\t\t\t<\/div>\n\t\t\t\t<div class=\"elementor-element elementor-element-4c80dad elementor-widget elementor-widget-text-editor\" data-id=\"4c80dad\" data-element_type=\"widget\" data-widget_type=\"text-editor.default\">\n\t\t\t\t<div class=\"elementor-widget-container\">\n\t\t\t\t\t\t\t\t\t<p class=\"\" data-start=\"998\" data-end=\"1237\">We dream of a world where no child is limited by their circumstances. Our goal is to become a <strong data-start=\"1105\" data-end=\"1141\">leading Study Center,<\/strong>where more children can receive quality education and comprehensive support, without any distinction.<\/p><p class=\"\" data-start=\"1239\" data-end=\"1282\">To achieve this, we have two major goals:<\/p><ol><li data-start=\"1284\" data-end=\"1652\"><strong data-start=\"1288\" data-end=\"1305\">In the short term,<\/strong>we aim to reinstate the fifth, sixth, and seventh grades, which we had to close due to a lack of resources, allowing us to continue providing opportunities for more children.<\/li><li data-start=\"1284\" data-end=\"1652\"><strong data-start=\"1463\" data-end=\"1480\">In the long term,<\/strong>we plan to move to a larger facility with a garden and an open-air dining area, creating a more suitable environment for learning and the well-being of our children.<\/li><\/ol><p class=\"\" data-start=\"1654\" data-end=\"1806\">Sabemos que el camino es desafiante, pero con amor, compromiso y el apoyo de quienes creen en nuestra causa, lograremos seguir transformando vidas.<\/p>\t\t\t\t\t\t\t\t<\/div>\n\t\t\t\t<\/div>\n\t\t\t\t\t<\/div>\n\t\t<\/div>\n\t\t\t\t<div class=\"elementor-column elementor-col-50 elementor-top-column elementor-element elementor-element-cd6dc21\" data-id=\"cd6dc21\" data-element_type=\"column\">\n\t\t\t<div class=\"elementor-widget-wrap elementor-element-populated\">\n\t\t\t\t\t\t<div class=\"elementor-element elementor-element-c5bc2e6 elementor-widget__width-initial elementor-invisible elementor-widget elementor-widget-image\" data-id=\"c5bc2e6\" data-element_type=\"widget\" data-settings=\"{&quot;_animation&quot;:&quot;pulse&quot;}\" data-widget_type=\"image.default\">\n\t\t\t\t<div class=\"elementor-widget-container\">\n\t\t\t\t\t\t\t\t\t\t\t\t\t\t\t<img decoding=\"async\" width=\"800\" height=\"800\" src=\"https:\/\/amorsinfronteras.net\/wp-content\/uploads\/2022\/03\/Untitled-design-87-1024x1024.png\" class=\"attachment-large size-large wp-image-138\" alt=\"\" srcset=\"https:\/\/amorsinfronteras.net\/wp-content\/uploads\/2022\/03\/Untitled-design-87-1024x1024.png 1024w, https:\/\/amorsinfronteras.net\/wp-content\/uploads\/2022\/03\/Untitled-design-87-300x300.png 300w, https:\/\/amorsinfronteras.net\/wp-content\/uploads\/2022\/03\/Untitled-design-87-150x150.png 150w, https:\/\/amorsinfronteras.net\/wp-content\/uploads\/2022\/03\/Untitled-design-87-768x768.png 768w, https:\/\/amorsinfronteras.net\/wp-content\/uploads\/2022\/03\/Untitled-design-87.png 1080w\" sizes=\"(max-width: 800px) 100vw, 800px\" \/>\t\t\t\t\t\t\t\t\t\t\t\t\t\t\t<\/div>\n\t\t\t\t<\/div>\n\t\t\t\t\t<\/div>\n\t\t<\/div>\n\t\t\t\t\t<\/div>\n\t\t<\/section>\n\t\t\t\t<\/div>","protected":false},"excerpt":{"rendered":"<p>MISI\u00d3N Nuestra Misi\u00f3n En la Fundaci\u00f3n Amor Sin Fronteras, creemos que cada ni\u00f1o merece un futuro lleno de oportunidades. Nuestra misi\u00f3n es brindar un espacio seguro y acogedor donde los ni\u00f1os en situaci\u00f3n de vulnerabilidad puedan recibir apoyo educativo, alimentaci\u00f3n y acompa\u00f1amiento emocional. A trav\u00e9s de refuerzos escolares en espa\u00f1ol, matem\u00e1ticas, ingl\u00e9s e inform\u00e1tica, as\u00ed [&hellip;]<\/p>\n","protected":false},"author":2,"featured_media":0,"parent":2,"menu_order":0,"comment_status":"closed","ping_status":"closed","template":"","meta":{"footnotes":""},"class_list":["post-29","page","type-page","status-publish","hentry"],"_links":{"self":[{"href":"https:\/\/amorsinfronteras.net\/en\/wp-json\/wp\/v2\/pages\/29","targetHints":{"allow":["GET"]}}],"collection":[{"href":"https:\/\/amorsinfronteras.net\/en\/wp-json\/wp\/v2\/pages"}],"about":[{"href":"https:\/\/amorsinfronteras.net\/en\/wp-json\/wp\/v2\/types\/page"}],"author":[{"embeddable":true,"href":"https:\/\/amorsinfronteras.net\/en\/wp-json\/wp\/v2\/users\/2"}],"replies":[{"embeddable":true,"href":"https:\/\/amorsinfronteras.net\/en\/wp-json\/wp\/v2\/comments?post=29"}],"version-history":[{"count":196,"href":"https:\/\/amorsinfronteras.net\/en\/wp-json\/wp\/v2\/pages\/29\/revisions"}],"predecessor-version":[{"id":2634,"href":"https:\/\/amorsinfronteras.net\/en\/wp-json\/wp\/v2\/pages\/29\/revisions\/2634"}],"up":[{"embeddable":true,"href":"https:\/\/amorsinfronteras.net\/en\/wp-json\/wp\/v2\/pages\/2"}],"wp:attachment":[{"href":"https:\/\/amorsinfronteras.net\/en\/wp-json\/wp\/v2\/media?parent=29"}],"curies":[{"name":"wp","href":"https:\/\/api.w.org\/{rel}","templated":true}]}}